{"id":8,"date":"2021-03-25T20:01:55","date_gmt":"2021-03-25T20:01:55","guid":{"rendered":"http:\/\/emiker.hu\/?page_id=8"},"modified":"2021-03-25T20:01:55","modified_gmt":"2021-03-25T20:01:55","slug":"elerhetoseg","status":"publish","type":"page","link":"http:\/\/emiker.hu\/index.php\/elerhetoseg\/","title":{"rendered":"El\u00e9rhet\u0151s\u00e9g"},"content":{"rendered":"\n<p>Ez egy n\u00e9h\u00e1ny kapcsolati adatot, mint pl. c\u00edm, telefonsz\u00e1m, tartalmaz\u00f3 oldal. Lehet b\u0151v\u00edtm\u00e9nyt is haszn\u00e1lni egy kapcsolati \u0171rlap beilleszt\u00e9s\u00e9hez.<\/p>\n","protected":false},"excerpt":{"rendered":"<p>Ez egy n\u00e9h\u00e1ny kapcsolati adatot, mint pl. c\u00edm, telefonsz\u00e1m, tartalmaz\u00f3 oldal. Lehet b\u0151v\u00edtm\u00e9nyt is haszn\u00e1lni egy kapcsolati \u0171rlap beilleszt\u00e9s\u00e9hez.<\/p>\n","protected":false},"author":1,"featured_media":0,"parent":0,"menu_order":0,"comment_status":"closed","ping_status":"closed","template":"","meta":{"spay_email":""},"jetpack-related-posts":[],"_links":{"self":[{"href":"http:\/\/emiker.hu\/index.php\/wp-json\/wp\/v2\/pages\/8"}],"collection":[{"href":"http:\/\/emiker.hu\/index.php\/wp-json\/wp\/v2\/pages"}],"about":[{"href":"http:\/\/emiker.hu\/index.php\/wp-json\/wp\/v2\/types\/page"}],"author":[{"embeddable":true,"href":"http:\/\/emiker.hu\/index.php\/wp-json\/wp\/v2\/users\/1"}],"replies":[{"embeddable":true,"href":"http:\/\/emiker.hu\/index.php\/wp-json\/wp\/v2\/comments?post=8"}],"version-history":[{"count":1,"href":"http:\/\/emiker.hu\/index.php\/wp-json\/wp\/v2\/pages\/8\/revisions"}],"predecessor-version":[{"id":13,"href":"http:\/\/emiker.hu\/index.php\/wp-json\/wp\/v2\/pages\/8\/revisions\/13"}],"wp:attachment":[{"href":"http:\/\/emiker.hu\/index.php\/wp-json\/wp\/v2\/media?parent=8"}],"curies":[{"name":"wp","href":"https:\/\/api.w.org\/{rel}","templated":true}]}}