{"id":6,"date":"2021-03-25T20:01:55","date_gmt":"2021-03-25T20:01:55","guid":{"rendered":"http:\/\/emiker.hu\/?page_id=6"},"modified":"2021-03-30T16:14:20","modified_gmt":"2021-03-30T16:14:20","slug":"keszitse-el-webhelyet-blokkokkal","status":"publish","type":"page","link":"http:\/\/emiker.hu\/","title":{"rendered":"Kezd\u0151lap"},"content":{"rendered":"\n<p><blockquote class=\"wp-embedded-content\" data-secret=\"VPbx1Y5oQo\"><a href=\"http:\/\/emiker.hu\/\">Kezd\u0151lap<\/a><\/blockquote><iframe loading=\"lazy\" class=\"wp-embedded-content\" sandbox=\"allow-scripts\" security=\"restricted\" style=\"position: absolute; clip: rect(1px, 1px, 1px, 1px);\" title=\"&#8220;Kezd\u0151lap&#8221; &#8212; M Faktorh\u00e1z P\u00e9nz\u00fcgyi Szolg\u00e1ltat\u00f3 Z\u00e1rtk\u00f6r\u0171en M\u0171k\u00f6d\u0151 R\u00e9szv\u00e9nyt\u00e1rsas\u00e1g\" src=\"http:\/\/emiker.hu\/embed\/#?secret=VPbx1Y5oQo\" data-secret=\"VPbx1Y5oQo\" width=\"600\" height=\"338\" frameborder=\"0\" marginwidth=\"0\" marginheight=\"0\" scrolling=\"no\"><\/iframe><\/p>\n","protected":false},"excerpt":{"rendered":"<p>Kezd\u0151lap<\/p>\n","protected":false},"author":1,"featured_media":0,"parent":0,"menu_order":0,"comment_status":"closed","ping_status":"closed","template":"","meta":{"spay_email":""},"jetpack-related-posts":[{"id":3,"url":"http:\/\/emiker.hu\/index.php\/adatkezelesi-tajekoztato\/","url_meta":{"origin":6,"position":0},"title":"Adatv\u00e9delmi ir\u00e1nyelvek","date":"2021.03.25.","format":false,"excerpt":"Kik vagyunk A weboldalunk c\u00edme: http:\/\/emiker.hu. S\u00fctik Ha hozz\u00e1sz\u00f3l\u00e1st \u00edrunk a honlapon, a megadott nevet, e-mail \u00e9s honlap c\u00edmet s\u00fctikben elt\u00e1roljuk. A t\u00e1rol\u00e1s a k\u00e9nyelmi c\u00e9lokat szolg\u00e1l az\u00e9rt, \u00edgy a k\u00f6vetkez\u0151 hozz\u00e1sz\u00f3l\u00e1skor ezeket a mez\u0151 adatokat nem kell kit\u00f6lteni. A s\u00fctik lej\u00e1rati ideje egy \u00e9v. Ha ell\u00e1togatunk a bejelentkez\u00e9si oldalra,\u2026","rel":"","context":"Similar post","img":{"alt_text":"","src":"","width":0,"height":0},"classes":[]},{"id":7,"url":"http:\/\/emiker.hu\/index.php\/rolunk\/","url_meta":{"origin":6,"position":1},"title":"R\u00f3lunk","date":"2021.03.25.","format":false,"excerpt":"Kik vagyunk A weboldalunk c\u00edme: http:\/\/emiker.hu Hozz\u00e1sz\u00f3l\u00e1sok Hozz\u00e1sz\u00f3l\u00e1s bek\u00fcld\u00e9sekor a hozz\u00e1sz\u00f3l\u00e1si \u0171rlapban megadottakon k\u00edv\u00fcl begy\u0171jt\u00e9sre ker\u00fcl a hozz\u00e1sz\u00f3l\u00f3 IP c\u00edme \u00e9s a b\u00f6ng\u00e9sz\u0151azonos\u00edt\u00f3 karakterl\u00e1nc a k\u00e9retlen tartalmak kisz\u0171r\u00e9se c\u00e9lj\u00e1b\u00f3l. Egy szem\u00e9lytelen\u00edtett, az e-mail c\u00edmb\u0151l el\u0151\u00e1ll\u00edtott karakterl\u00e1nc (hashnek szok\u00e1s nevezni) ker\u00fcl tov\u00e1bb\u00edt\u00e1sra a Gravatar szolg\u00e1ltat\u00e1s fel\u00e9, ha ez az oldalon haszn\u00e1latban\u2026","rel":"","context":"Similar post","img":{"alt_text":"","src":"","width":0,"height":0},"classes":[]},{"id":2,"url":"http:\/\/emiker.hu\/index.php\/ez-egy-minta-oldal\/","url_meta":{"origin":6,"position":2},"title":"\u00c1SZF","date":"2021.03.25.","format":false,"excerpt":"","rel":"","context":"Similar post","img":{"alt_text":"","src":"","width":0,"height":0},"classes":[]},{"id":8,"url":"http:\/\/emiker.hu\/index.php\/elerhetoseg\/","url_meta":{"origin":6,"position":3},"title":"El\u00e9rhet\u0151s\u00e9g","date":"2021.03.25.","format":false,"excerpt":"Ez egy n\u00e9h\u00e1ny kapcsolati adatot, mint pl. c\u00edm, telefonsz\u00e1m, tartalmaz\u00f3 oldal. Lehet b\u0151v\u00edtm\u00e9nyt is haszn\u00e1lni egy kapcsolati \u0171rlap beilleszt\u00e9s\u00e9hez.","rel":"","context":"Similar post","img":{"alt_text":"","src":"","width":0,"height":0},"classes":[]}],"_links":{"self":[{"href":"http:\/\/emiker.hu\/index.php\/wp-json\/wp\/v2\/pages\/6"}],"collection":[{"href":"http:\/\/emiker.hu\/index.php\/wp-json\/wp\/v2\/pages"}],"about":[{"href":"http:\/\/emiker.hu\/index.php\/wp-json\/wp\/v2\/types\/page"}],"author":[{"embeddable":true,"href":"http:\/\/emiker.hu\/index.php\/wp-json\/wp\/v2\/users\/1"}],"replies":[{"embeddable":true,"href":"http:\/\/emiker.hu\/index.php\/wp-json\/wp\/v2\/comments?post=6"}],"version-history":[{"count":3,"href":"http:\/\/emiker.hu\/index.php\/wp-json\/wp\/v2\/pages\/6\/revisions"}],"predecessor-version":[{"id":34,"href":"http:\/\/emiker.hu\/index.php\/wp-json\/wp\/v2\/pages\/6\/revisions\/34"}],"wp:attachment":[{"href":"http:\/\/emiker.hu\/index.php\/wp-json\/wp\/v2\/media?parent=6"}],"curies":[{"name":"wp","href":"https:\/\/api.w.org\/{rel}","templated":true}]}}